{"id":129,"date":"2023-02-16T15:26:07","date_gmt":"2023-02-16T15:26:07","guid":{"rendered":"https:\/\/heimattbwastg.wpengine.com\/?page_id=129"},"modified":"2024-01-31T15:07:42","modified_gmt":"2024-01-31T15:07:42","slug":"datenschutzerklarung","status":"publish","type":"page","link":"https:\/\/heimattbwa.de\/en\/datenschutzerklarung\/","title":{"rendered":"Privacy policy"},"content":{"rendered":"<p><strong>Einleitung<br \/>\n<\/strong>Diese Datenschutzerkl\u00e4rung kl\u00e4rt Sie \u00fcber die Art, den Umfang und die Zwecke der Erhebung und Verwendung personenbezogener Daten auf der Webseite \u201ewww.heimattbwa.de\u201c (im Folgenden \u201eWebseite\u201c) durch die TBWA (Deutschland) Holding GmbH (im Folgenden \u201ewir\u201c oder \u201euns\u201c) auf. Wir sind die verantwortliche Stelle f\u00fcr s\u00e4mtliche personenbezogenen Daten, die auf der Webseite erhoben werden, es sei denn, diese Datenschutzerkl\u00e4rung enth\u00e4lt abweichende Angaben.<\/p>\n<p>&nbsp;<\/p>\n<p>Personenbezogene Daten sind Informationen, mit deren Hilfe eine Person bestimmbar ist, also Angaben, die zur\u00fcck zu einer Person verfolgt werden k\u00f6nnen. Dazu geh\u00f6ren typischerweise der Name, die E-Mail-Adresse oder die Telefonnummer. Zudem sind aber auch rein technische Daten, die einer Person zugeordnet werden k\u00f6nnen, als personenbezogene Daten anzusehen.<\/p>\n<p>&nbsp;<\/p>\n<p><strong>Die Kontaktdaten des f\u00fcr die Datenverarbeitung <\/strong><strong>Verantwortlichen lauten:<\/strong><\/p>\n<p>TBWA (Deutschland) Holding GmbH<\/p>\n<p>K\u00f6nigsallee 92<\/p>\n<p>D-40212 D\u00fcsseldorf<\/p>\n<p>Tel.: 0211 86435 0<\/p>\n<p>E-Mail: info@tbwa.de<\/p>\n<p>&nbsp;<\/p>\n<p><strong>Kontaktdaten des Datenschutzbeauftragten:<\/strong><\/p>\n<p>Unser Datenschutzbeauftragter steht Ihnen gerne f\u00fcr Ausk\u00fcnfte oder Anregungen zum Thema Datenschutz zur Verf\u00fcgung:<\/p>\n<p>&nbsp;<\/p>\n<p>Datenschutz s\u00fcd<\/p>\n<p>W\u00f6rthstra\u00dfe 15<\/p>\n<p>97082 W\u00fcrzburg<\/p>\n<p>Web: www.datenschutz-sued.de<\/p>\n<p>E-Mail: office@datenschutz-sued.de<\/p>\n<p>&nbsp;<\/p>\n<p><strong>Ihre Rechte<\/strong><\/p>\n<p>Sie haben das Recht, \u00fcber die personenbezogenen Daten, die \u00fcber Sie gespeichert wurden, auf Antrag unentgeltlich Auskunft zu erhalten. Zus\u00e4tzlich haben Sie das Recht, auf Berichtigung unrichtiger Daten, das Recht, in bestimmten F\u00e4llen die Einschr\u00e4nkung der Verarbeitung zu verlangen und das Recht auf L\u00f6schung von unrechtm\u00e4\u00dfig verarbeiteten bzw. zu lange gespeicherten personenbezogenen Daten (soweit dem keine gesetzliche Aufbewahrungspflicht und keine sonstigen Gr\u00fcnde nach Art. 17 Abs. 3 DSGVO entgegenstehen). Dar\u00fcber hinaus haben Sie das Recht auf \u00dcbertragung s\u00e4mtlicher, von Ihnen an uns \u00fcbergebene Daten in einem g\u00e4ngigen Dateiformat (Recht auf Datenportabilit\u00e4t).<\/p>\n<p>&nbsp;<\/p>\n<p class=\"p1\"><strong>Soweit aufgrund eines berechtigten Interesses gem. Art. 6 Abs. 1 S. 1 lit. f DSGVO verarbeitet wird, haben Sie das Recht, aus Gr\u00fcnden, die sich aus Ihrer besonderen Situation ergeben, jederzeit der Verarbeitung Ihrer Daten zu widersprechen.<\/strong><\/p>\n<p>&nbsp;<\/p>\n<p>Zur Aus\u00fcbung Ihrer Rechte gen\u00fcgt eine E-Mail an datenschutz@heimattbwa.de<\/p>\n<p>&nbsp;<\/p>\n<p>Dar\u00fcber hinaus haben Sie auch das Recht zur Beschwerde bei einer Datenschutzaufsichtsbeh\u00f6rde.<\/p>\n<p>&nbsp;<\/p>\n<p><strong>Freiwilligkeit der Angaben von Daten<\/strong><\/p>\n<p>Die Bereitstellung Ihrer personenbezogenen Daten auf dieser Webseite ist generell weder gesetzlich noch vertraglich vorgeschrieben. Sie sind nicht verpflichtet, auf dieser Webseite personenbezogene Daten abzugeben.<\/p>\n<p>&nbsp;<\/p>\n<p><strong>\u00dcbersicht \u00fcber die Verfahren<\/strong><\/p>\n<p>Auf dieser Webseite werden im Rahmen von folgenden Verfahren personenbezogene Daten verarbeitet:<\/p>\n<p>&nbsp;<\/p>\n<p>1. Kontaktaufnahme<\/p>\n<p>2. Server-Logfiles<\/p>\n<p>3. Google Analytics<\/p>\n<p>4. Vimeo<\/p>\n<p>&nbsp;<\/p>\n<p><strong>1. Kontaktaufnahme<\/strong><\/p>\n<p>Bei der Kontaktaufnahme mit uns (per E-Mail) werden die von Ihnen gemachten Angaben zwecks Bearbeitung der Anfrage sowie f\u00fcr den Fall, dass Anschlussfragen entstehen, gespeichert.<\/p>\n<p>&nbsp;<\/p>\n<p><strong>Rechtsgrundlage<\/strong><\/p>\n<p>Die Angaben im Rahmen der Kontaktaufnahme werden auf Grundlage des Art. 6 Abs. 1 lit. a sowie lit. f DSGVO verarbeitet. Dieser Erlaubnistatbestand gestattet die Verarbeitung von personenbezogenen Daten im Rahmen des \u201eberechtigten Interesses\u201c des Verantwortlichen, soweit nicht Ihre Grundrechte, Grundfreiheiten oder Interessen \u00fcberwiegen. Unser berechtigtes Interesse besteht in der Bearbeitung der Kontaktaufnahme. Sie k\u00f6nnen dieser Datenverarbeitung jederzeit widersprechen, wenn Gr\u00fcnde vorliegen, die in Ihrer besonderen Situation bestehen und die gegen die Datenverarbeitung sprechen.\u00a0<\/p>\n<p>&nbsp;<\/p>\n<p><strong>Dauer der Datenspeicherung<\/strong><\/p>\n<p>Die im Rahmen der Kontaktaufnahme gespeicherten personenbezogenen Daten werden gel\u00f6scht, wenn das mit der Kontaktaufnahme verbundene Anliegen vollst\u00e4ndig gekl\u00e4rt ist \u2028und auch nicht damit zu rechnen ist, dass die konkrete Kontaktaufnahme in der Zukunft nochmal relevant wird.<\/p>\n<p>&nbsp;<\/p>\n<p><strong>2. Server Logfiles<\/strong><\/p>\n<p>Wir erheben bei jedem Zugriff auf die Webseite automatisch eine Reihe von technischen notwendigen Daten, bei denen es sich um personenbezogene Daten handelt. Diese sind:<\/p>\n<p>&nbsp;<\/p>\n<p>IP-Adresse des Nutzers<\/p>\n<p>Name der abgerufenen Webseite bzw. Datei<\/p>\n<p>Datum und Uhrzeit des Zugriffs<\/p>\n<p>\u00fcbertragene Datenmenge<\/p>\n<p>Meldung \u00fcber erfolgreichen Abruf<\/p>\n<p>Browser-Typ und Version<\/p>\n<p>Betriebssystem des Nutzers<\/p>\n<p>verwendetes Endger\u00e4t des Nutzers, inklusive MAC-Adresse Referrer-URL (die zuvor besuchte Seite)<\/p>\n<p>&nbsp;<\/p>\n<p>Diese Daten werden nicht mit anderen personenbezogenen Daten, die Sie aktiv im Rahmen der Webseite angeben, zusammengef\u00fchrt. Server-Logfiles erheben wir zu dem Zweck, \u2028die Webseite administrieren und unautorisierte Zugriffe erkennen und abwehren zu k\u00f6nnen.<\/p>\n<p>&nbsp;<\/p>\n<p><strong>Rechtsgrundlage<\/strong><\/p>\n<p>Die personenbezogenen Daten in Logfiles werden auf Basis von \u00a7 25 Abs. 2 Nr. 2 TTDSG i.V.m. Art. 6 Abs. 1 lit. f DSGVO verarbeitet.\u00a0<\/p>\n<p>&nbsp;<\/p>\n<p><strong>Was sind IP-Adressen?<\/strong><\/p>\n<p>IP-Adressen werden jedem Ger\u00e4t (z.B. Smartphone, Tablet, PC), das mit dem Internet verbunden ist, zugewiesen. Welche IP-Adresse dies ist, h\u00e4ngt davon ab, \u00fcber welchen Internetzugang Ihr Endger\u00e4t aktuell mit dem Internet verbunden ist. Es kann sich dabei um die IP-Adresse handeln, die Ihnen Ihr Internetprovider zugeteilt hat, etwa wenn Sie zu Hause \u00fcber Ihr W-LAN mit dem Internet verbunden sind. Es kann sich aber auch um eine IP-Adresse handeln, die Ihnen Ihr Mobilfunkprovider zugeteilt hat oder um die IP-Adresse eines Anbieters eines \u00f6ffentlichen oder privaten W-LANs oder anderen Internetzugangs. In ihrer derzeit gel\u00e4ufigsten Form (IPv4) besteht die IP-Adresse aus vier Zifferbl\u00f6cken. Zumeist werden Sie als privater Nutzer keine gleichbleibende IP-Adresse benutzen, da Ihnen diese von Ihrem Provider nur vor\u00fcbergehend zugewiesen wird (sogenannte \u201edynamische IP-Adresse\u201c). Bei einer dauerhaft zugeordneten IP-Adresse (sogenannte \u201estatische IP-Adresse\u201c) ist eine eindeutige Zuordnung der Nutzerdaten im Prinzip einfacher m\u00f6glich. Au\u00dfer zum Zwecke der Verfolgung unzul\u00e4ssiger Zugriffe auf unser Internetangebot verwenden wir diese Daten grunds\u00e4tzlich nicht personenbezogen, sondern werten lediglich auf anonymisierter Basis aus, welche unserer Webseiten favorisiert werden, wie viele Zugriffe t\u00e4glich erfolgen und \u00e4hnliches.<\/p>\n<p>&nbsp;<\/p>\n<p><strong>Dauer der Datenspeicherung<\/strong><\/p>\n<p>Die Server-Logfiles mit den oben genannten Daten werden automatisch nach 30 Tagen gel\u00f6scht. Wir behalten uns vor, die Server-Logfiles l\u00e4nger zu speichern, wenn Tatsachen vorliegen, welche die Annahme eines unzul\u00e4ssigen Zugriffs (wie etwa der Versuch eines Hackings oder einer sogenannten DDOS-Attacke) nahe legen.<\/p>\n<p>&nbsp;<\/p>\n<p><strong>3. Google Analytics<\/strong><\/p>\n<p>Diese Website benutzt Google Analytics, einen Webanalysedienst der Google Inc. (\u201eGoogle\u201c). Google Analytics setzt mehrere \u201eCookies\u201c, um Ihren Browser zu identifizieren.<\/p>\n<p>&nbsp;<\/p>\n<p>Cookies sind kleine Textdateien, welche bei dem Aufruf unserer Website auf Ihrem Endger\u00e4t durch den jeweils verwendeten Browser gespeichert werden. Einzelne Dienste einer Website k\u00f6nnen Sie auf diese Weise \u201eerkennen\u201c und sich \u201emerken\u201c, welche Einstellungen Sie vorgenommen haben.<\/p>\n<p>&nbsp;<\/p>\n<p>Die durch die Cookies erzeugten Informationen \u00fcber Ihre Benutzung dieser Website werden in der Regel an einen Server von Google in den USA \u00fcbertragen und dort gespeichert. Aufgrund der Datenverarbeitung in den USA kann kein angemessenes Datenschutzniveau angenommen werden. Es besteht das Risiko, dass Beh\u00f6rden Ihre Daten verarbeiten ohne Sie dar\u00fcber zu informieren oder Ihnen zu erm\u00f6glichen, Rechtsmittel dagegen einzulegen. Wir haben allerdings die IP-Anonymisierungsfunktion auf dieser Website aktiviert, so dass Ihre IP-Adresse von Google innerhalb von Mitgliedstaaten der Europ\u00e4ischen Union oder in anderen Vertragsstaaten des Abkommens \u00fcber den Europ\u00e4ischen Wirtschaftsraum zuvor gek\u00fcrzt wird. Nur in Ausnahmef\u00e4llen wird die volle IP-Adresse an einen Server von Google in den USA \u00fcbertragen und dort gek\u00fcrzt. Im Auftrag des Betreibers dieser Website wird Google diese Informationen benutzen, um Ihre Nutzung der Website auszuwerten, um Reports \u00fcber die Websiteaktivit\u00e4ten zusammenzustellen und um weitere mit der Websitenutzung und der Internetnutzung verbundene Dienstleistungen gegen\u00fcber dem Websitebetreiber zu erbringen. Die im Rahmen von Google Analytics von Ihrem Browser \u00fcbermittelte IP-Adresse wird nicht mit anderen Daten von Google zusammengef\u00fchrt.<\/p>\n<p>&nbsp;<\/p>\n<p><strong>Rechtsgrundlage<\/strong><\/p>\n<p>Die Verarbeitung von personenbezogenen Daten durch Google Analytics st\u00fctzen wir auf Art. 6 Abs. 1 lit. f DSGVO. Dieser Erlaubnistatbestand gestattet die Verarbeitung von personenbezogenen Daten im Rahmen des \u201eberechtigten Interesses\u201c des Verantwortlichen, soweit nicht Ihre Grundrechte, Grundfreiheiten oder Interessen \u00fcberwiegen. Unser berechtigtes Interesse besteht in der Analyse der Nutzung unserer Website. Sie k\u00f6nnen die \u00dcbermittlung der durch das Cookie erzeugten und auf Ihre Nutzung der Website bezogenen Daten (inkl. Ihrer IP-Adresse) an Google sowie die Verarbeitung dieser Daten durch Google verhindern, indem Sie das unter dem folgenden Link verf\u00fcgbare Browser-Plugin herunterladen und installieren: http:\/\/tools.google.com\/dlpage&#8230;.<\/p>\n<p class=\"p1\">Weitere Informationen und die geltenden Datenschutzbestimmungen von Google k\u00f6nnen Sie unter www.google.de\/intl\/de\/policies\/privacy\/ und unter www.google.com\/analytics\/terms\/de.html abrufen. Google Analytics wird unter dem Link www.google.com\/intl\/de_de\/analytics\/ genauer erl\u00e4utert.<\/p>\n<p>&nbsp;<\/p>\n<p><strong>4. Bewerbungen<\/strong><\/p>\n<p>Das auf unseren Webseiten genutzte Online-Bewerbungssystem wird von der softgarden eRecruiting GmbH, Tauentzienstr. 14, 10789 Berlin im Auftrag der TBWA (Deutschland) Holding GmbH betrieben und bereitgestellt. Der Dienstleister ist uns gegen\u00fcber streng weisungsgebunden und entsprechend vertraglich verpflichtet. Neben softgarden erhalten nur deren etwaige Unterauftragnehmer, die ebenfalls weisungsgebunden agieren, Zugriff auf die Daten.<\/p>\n<p>&nbsp;<\/p>\n<p>Sie haben die M\u00f6glichkeit sich auf unseren Bewerberseiten auf die von uns ausgeschriebenen Stellen zu bewerben. Wir verarbeiten Ihre personenbezogenen Daten gem\u00e4\u00df den geltenden datenschutzrechtlichen Bestimmungen auf Grundlage von Art. 88 DSGVO i.V.m. \u00a7 26 Abs. 1 S. 1 BDSG. Die Daten, die Sie uns im Rahmen Ihrer Online-Bewerbung preisgeben, verarbeiten wir ausschlie\u00dflich f\u00fcr den Zweck der Bewerberauswahl. Eine Datenverarbeitung zu anderen Zwecken erfolgt nicht.<\/p>\n<p>&nbsp;<\/p>\n<p>F\u00fcr den Fall, dass wir Ihre Bewerbung auch bei anderen oder zuk\u00fcnftigen Stellenausschreibungen ber\u00fccksichtigen d\u00fcrfen, bitten wir um einen entsprechenden Hinweis auf Ihrer Bewerbung. Wir verarbeiten Ihre Daten dann auf Grundlage von Art. 6 Abs. 1 S. 1 lit. a) DSGVO. Diese Einwilligung k\u00f6nnen Sie jederzeit widerrufen. Bis zum Widerruf ist die Datenverarbeitung rechtm\u00e4\u00dfig.<\/p>\n<p>&nbsp;<\/p>\n<p>Um den Bewerbungsprozess f\u00fcr Sie transparent zu gestalten, k\u00f6nnen Sie sich auf der Bewerberseite von softgarden anmelden. Hierf\u00fcr m\u00fcssen Sie Ihren Namen, Ihre E-Mail-Adresse, den Namen des Unternehmens, Ihren Benutzernamen sowie ein Passwort eingeben. Diese Daten werden ben\u00f6tigt, um einen Account im Karriereportal f\u00fcr Sie einzurichten und zu verwalten. <\/p>\n<p>Weitere optionale Daten sind:<\/p>\n<p>&nbsp;<\/p>\n<p>Kontaktdaten (Anschrift, Telefonnummer) Lebenslaufdaten (z.B. Schulbildung, Berufsausbildung, Berufserfahrung, Sprachkenntnisse) Profile in sozialen Netzwerken (z.B. XING, LinkedIn, Facebook) Dokumente im Zusammenhang mit Bewerbungen (Bewerbungsfotos, Anschreiben, Zeugnisse, Arbeitszeugnisse, Arbeitsproben etc.)<\/p>\n<p>Die Daten abgelehnter Bewerber werden drei Monate nach der Beendigung des Bewerbungsprozesses gel\u00f6scht. Eine dar\u00fcberhinausgehende Speicherung erfolgt nur bei Einwilligung des Bewerbers (Bewerberpool). Dann erfolgt eine L\u00f6schung nach sp\u00e4testens sechs Monaten oder nach Widerruf der Einwilligung. Die Daten angestellter Personen werden f\u00fcr die Dauer des Besch\u00e4ftigungsverh\u00e4ltnisses gespeichert. Anschlie\u00dfend werden sie nach drei Monaten gel\u00f6scht, es sein denn, die Daten m\u00fcssen gem\u00e4\u00df der gesetzlichen Aufbewahrungsfrist sechs bis zehn Jahre aufbewahrt werden.<\/p>\n","protected":false},"excerpt":{"rendered":"<p>Einleitung Diese Datenschutzerkl\u00e4rung kl\u00e4rt Sie \u00fcber die Art, den Umfang und die Zwecke der Erhebung und Verwendung personenbezogener Daten auf der Webseite \u201ewww.heimattbwa.de\u201c (im Folgenden \u201eWebseite\u201c) durch die TBWA (Deutschland) Holding GmbH (im Folgenden \u201ewir\u201c oder \u201euns\u201c) auf. Wir sind die verantwortliche Stelle f\u00fcr s\u00e4mtliche personenbezogenen Daten, die auf der Webseite erhoben werden, es sei [&hellip;]<\/p>\n","protected":false},"author":2,"featured_media":0,"parent":0,"menu_order":0,"comment_status":"closed","ping_status":"closed","template":"","meta":{"_acf_changed":false,"inline_featured_image":false,"footnotes":""},"class_list":["post-129","page","type-page","status-publish","hentry"],"acf":[],"yoast_head":"<!-- This site is optimized with the Yoast SEO plugin v27.4 - https:\/\/yoast.com\/product\/yoast-seo-wordpress\/ -->\n<title>Privacy policy - HeimatTBWA\\<\/title>\n<meta name=\"robots\" content=\"index, follow, max-snippet:-1, max-image-preview:large, max-video-preview:-1\" \/>\n<link rel=\"canonical\" href=\"https:\/\/heimattbwa.de\/datenschutzerklarung\/\" \/>\n<meta property=\"og:locale\" content=\"en_US\" \/>\n<meta property=\"og:type\" content=\"article\" \/>\n<meta property=\"og:title\" content=\"[:de]Datenschutzerkl\u00e4rung[:en]Privacy policy[:] - HeimatTBWA\\\" \/>\n<meta property=\"og:description\" content=\"Einleitung Diese Datenschutzerkl\u00e4rung kl\u00e4rt Sie \u00fcber die Art, den Umfang und die Zwecke der Erhebung und Verwendung personenbezogener Daten auf der Webseite \u201ewww.heimattbwa.de\u201c (im Folgenden \u201eWebseite\u201c) durch die TBWA (Deutschland) Holding GmbH (im Folgenden \u201ewir\u201c oder \u201euns\u201c) auf. Wir sind die verantwortliche Stelle f\u00fcr s\u00e4mtliche personenbezogenen Daten, die auf der Webseite erhoben werden, es sei [&hellip;]\" \/>\n<meta property=\"og:url\" content=\"https:\/\/heimattbwa.de\/datenschutzerklarung\/\" \/>\n<meta property=\"og:site_name\" content=\"HeimatTBWA\\\" \/>\n<meta property=\"article:modified_time\" content=\"2024-01-31T15:07:42+00:00\" \/>\n<meta name=\"twitter:card\" content=\"summary_large_image\" \/>\n<meta name=\"twitter:label1\" content=\"Est. reading time\" \/>\n\t<meta name=\"twitter:data1\" content=\"9 minutes\" \/>\n<script type=\"application\/ld+json\" class=\"yoast-schema-graph\">{\"@context\":\"https:\\\/\\\/schema.org\",\"@graph\":[{\"@type\":\"WebPage\",\"@id\":\"https:\\\/\\\/heimattbwa.de\\\/datenschutzerklarung\\\/\",\"url\":\"https:\\\/\\\/heimattbwa.de\\\/datenschutzerklarung\\\/\",\"name\":\"[:de]Datenschutzerkl\u00e4rung[:en]Privacy policy[:] - HeimatTBWA\\\\\",\"isPartOf\":{\"@id\":\"https:\\\/\\\/heimattbwa.de\\\/#website\"},\"datePublished\":\"2023-02-16T15:26:07+00:00\",\"dateModified\":\"2024-01-31T15:07:42+00:00\",\"breadcrumb\":{\"@id\":\"https:\\\/\\\/heimattbwa.de\\\/datenschutzerklarung\\\/#breadcrumb\"},\"inLanguage\":\"en-US\",\"potentialAction\":[{\"@type\":\"ReadAction\",\"target\":[\"https:\\\/\\\/heimattbwa.de\\\/datenschutzerklarung\\\/\"]}]},{\"@type\":\"BreadcrumbList\",\"@id\":\"https:\\\/\\\/heimattbwa.de\\\/datenschutzerklarung\\\/#breadcrumb\",\"itemListElement\":[{\"@type\":\"ListItem\",\"position\":1,\"name\":\"Home\",\"item\":\"https:\\\/\\\/heimattbwa.de\\\/\"},{\"@type\":\"ListItem\",\"position\":2,\"name\":\"Datenschutzerkl\u00e4rung\"}]},{\"@type\":\"WebSite\",\"@id\":\"https:\\\/\\\/heimattbwa.de\\\/#website\",\"url\":\"https:\\\/\\\/heimattbwa.de\\\/\",\"name\":\"heimattbwa\\\\\",\"description\":\"We Are The Disruption\u00ae Company\",\"potentialAction\":[{\"@type\":\"SearchAction\",\"target\":{\"@type\":\"EntryPoint\",\"urlTemplate\":\"https:\\\/\\\/heimattbwa.de\\\/?s={search_term_string}\"},\"query-input\":{\"@type\":\"PropertyValueSpecification\",\"valueRequired\":true,\"valueName\":\"search_term_string\"}}],\"inLanguage\":\"en-US\"}]}<\/script>\n<!-- \/ Yoast SEO plugin. -->","yoast_head_json":{"title":"[:de]Datenschutzerkl\u00e4rung[:en]Privacy policy[:] - HeimatTBWA\\","robots":{"index":"index","follow":"follow","max-snippet":"max-snippet:-1","max-image-preview":"max-image-preview:large","max-video-preview":"max-video-preview:-1"},"canonical":"https:\/\/heimattbwa.de\/datenschutzerklarung\/","og_locale":"en_US","og_type":"article","og_title":"[:de]Datenschutzerkl\u00e4rung[:en]Privacy policy[:] - HeimatTBWA\\","og_description":"Einleitung Diese Datenschutzerkl\u00e4rung kl\u00e4rt Sie \u00fcber die Art, den Umfang und die Zwecke der Erhebung und Verwendung personenbezogener Daten auf der Webseite \u201ewww.heimattbwa.de\u201c (im Folgenden \u201eWebseite\u201c) durch die TBWA (Deutschland) Holding GmbH (im Folgenden \u201ewir\u201c oder \u201euns\u201c) auf. Wir sind die verantwortliche Stelle f\u00fcr s\u00e4mtliche personenbezogenen Daten, die auf der Webseite erhoben werden, es sei [&hellip;]","og_url":"https:\/\/heimattbwa.de\/datenschutzerklarung\/","og_site_name":"HeimatTBWA\\","article_modified_time":"2024-01-31T15:07:42+00:00","twitter_card":"summary_large_image","twitter_misc":{"Est. reading time":"9 minutes"},"schema":{"@context":"https:\/\/schema.org","@graph":[{"@type":"WebPage","@id":"https:\/\/heimattbwa.de\/datenschutzerklarung\/","url":"https:\/\/heimattbwa.de\/datenschutzerklarung\/","name":"[:de]Datenschutzerkl\u00e4rung[:en]Privacy policy[:] - HeimatTBWA\\","isPartOf":{"@id":"https:\/\/heimattbwa.de\/#website"},"datePublished":"2023-02-16T15:26:07+00:00","dateModified":"2024-01-31T15:07:42+00:00","breadcrumb":{"@id":"https:\/\/heimattbwa.de\/datenschutzerklarung\/#breadcrumb"},"inLanguage":"en-US","potentialAction":[{"@type":"ReadAction","target":["https:\/\/heimattbwa.de\/datenschutzerklarung\/"]}]},{"@type":"BreadcrumbList","@id":"https:\/\/heimattbwa.de\/datenschutzerklarung\/#breadcrumb","itemListElement":[{"@type":"ListItem","position":1,"name":"Home","item":"https:\/\/heimattbwa.de\/"},{"@type":"ListItem","position":2,"name":"Datenschutzerkl\u00e4rung"}]},{"@type":"WebSite","@id":"https:\/\/heimattbwa.de\/#website","url":"https:\/\/heimattbwa.de\/","name":"heimattbwa\\","description":"We Are The Disruption\u00ae Company","potentialAction":[{"@type":"SearchAction","target":{"@type":"EntryPoint","urlTemplate":"https:\/\/heimattbwa.de\/?s={search_term_string}"},"query-input":{"@type":"PropertyValueSpecification","valueRequired":true,"valueName":"search_term_string"}}],"inLanguage":"en-US"}]}},"_links":{"self":[{"href":"https:\/\/heimattbwa.de\/en\/wp-json\/wp\/v2\/pages\/129","targetHints":{"allow":["GET"]}}],"collection":[{"href":"https:\/\/heimattbwa.de\/en\/wp-json\/wp\/v2\/pages"}],"about":[{"href":"https:\/\/heimattbwa.de\/en\/wp-json\/wp\/v2\/types\/page"}],"author":[{"embeddable":true,"href":"https:\/\/heimattbwa.de\/en\/wp-json\/wp\/v2\/users\/2"}],"replies":[{"embeddable":true,"href":"https:\/\/heimattbwa.de\/en\/wp-json\/wp\/v2\/comments?post=129"}],"version-history":[{"count":0,"href":"https:\/\/heimattbwa.de\/en\/wp-json\/wp\/v2\/pages\/129\/revisions"}],"wp:attachment":[{"href":"https:\/\/heimattbwa.de\/en\/wp-json\/wp\/v2\/media?parent=129"}],"curies":[{"name":"wp","href":"https:\/\/api.w.org\/{rel}","templated":true}]}}